{"id":85,"date":"2018-03-23T00:40:19","date_gmt":"2018-03-23T05:40:19","guid":{"rendered":"https:\/\/fsl-fls.halearningtech.ca\/en\/?page_id=85"},"modified":"2025-03-16T13:14:14","modified_gmt":"2025-03-16T18:14:14","slug":"zoom-in","status":"publish","type":"page","link":"https:\/\/fsl-fls.halearningtech.ca\/fr\/","title":{"rendered":"Bienvenue chez HA Learning Tech"},"content":{"rendered":"<p><img loading=\"lazy\" decoding=\"async\" class=\"size-medium wp-image-25 alignleft\" src=\"https:\/\/fsl-fls.halearningtech.ca\/wp-content\/uploads\/2018\/03\/New-logo-CARRE-520x520-300x300.png\" alt=\"\" width=\"300\" height=\"300\" srcset=\"https:\/\/fsl-fls.halearningtech.ca\/wp-content\/uploads\/2018\/03\/New-logo-CARRE-520x520-300x300.png 300w, https:\/\/fsl-fls.halearningtech.ca\/wp-content\/uploads\/2018\/03\/New-logo-CARRE-520x520-150x150.png 150w, https:\/\/fsl-fls.halearningtech.ca\/wp-content\/uploads\/2018\/03\/New-logo-CARRE-520x520-75x75.png 75w, https:\/\/fsl-fls.halearningtech.ca\/wp-content\/uploads\/2018\/03\/New-logo-CARRE-520x520-350x350.png 350w, https:\/\/fsl-fls.halearningtech.ca\/wp-content\/uploads\/2018\/03\/New-logo-CARRE-520x520.png 520w\" sizes=\"auto, (max-width: 300px) 100vw, 300px\" \/><\/p>\n<p style=\"text-align: left;\">Nous nous sp\u00e9cialisons dans l\u2019enseignement de langues, la litt\u00e9racie num\u00e9rique, le d\u00e9veloppement d\u2019applications et de contenu web ainsi que tout ce qui touche au multim\u00e9dia (enregistrement, tournage, \u00e9dition, montage et retouche audio, vid\u00e9o, titrage et effets).<br \/>\nNous fournissons \u00e9galement aide et formation aux apprenants, aux enseignants et aux \u00e9coles dans le montage des cours \u00e0 distance (param\u00e9trage et utilisation des plateformes comme la Suite Google, Zoom, Ms Teams, Webex&#8230;)<br \/>\nEnfin, nous faisons \u00e9galement le transfert, la conversion et la r\u00e9cup\u00e9ration de donn\u00e9es sur et \u00e0 partir de Cassette audio, CD, DVD, Blu-Ray, VHS, Hi8, m\u00e9moire de t\u00e9l\u00e9phone, carte m\u00e9moire SD, Internet, etc.<\/p>\n","protected":false},"excerpt":{"rendered":"<p>Nous nous sp\u00e9cialisons dans l\u2019enseignement de langues, la litt\u00e9racie num\u00e9rique, le d\u00e9veloppement d\u2019applications et de contenu web ainsi que tout ce qui touche au multim\u00e9dia (enregistrement, tournage, \u00e9dition, montage et retouche audio, vid\u00e9o, titrage et effets). Nous fournissons \u00e9galement aide et formation aux apprenants, aux enseignants et aux \u00e9coles dans &hellip;<\/p>\n","protected":false},"author":1,"featured_media":0,"parent":0,"menu_order":0,"comment_status":"closed","ping_status":"closed","template":"","meta":{"_uag_custom_page_level_css":"","ngg_post_thumbnail":0,"footnotes":""},"class_list":["post-85","page","type-page","status-publish","hentry"],"uagb_featured_image_src":{"full":false,"thumbnail":false,"medium":false,"medium_large":false,"large":false,"1536x1536":false,"2048x2048":false,"widget-thumbnail":false,"post-thumbnail":false,"kahuna-featured":false,"kahuna-featured-lp":false,"kahuna-featured-half":false,"kahuna-featured-third":false,"kahuna-lpbox-1":false,"kahuna-lpbox-2":false},"uagb_author_info":{"display_name":"ha","author_link":"https:\/\/fsl-fls.halearningtech.ca\/fr\/author\/halearn\/"},"uagb_comment_info":0,"uagb_excerpt":"Nous nous sp\u00e9cialisons dans l\u2019enseignement de langues, la litt\u00e9racie num\u00e9rique, le d\u00e9veloppement d\u2019applications et de contenu web ainsi que tout ce qui touche au multim\u00e9dia (enregistrement, tournage, \u00e9dition, montage et retouche audio, vid\u00e9o, titrage et effets). Nous fournissons \u00e9galement aide et formation aux apprenants, aux enseignants et aux \u00e9coles dans &hellip;","_links":{"self":[{"href":"https:\/\/fsl-fls.halearningtech.ca\/fr\/wp-json\/wp\/v2\/pages\/85","targetHints":{"allow":["GET"]}}],"collection":[{"href":"https:\/\/fsl-fls.halearningtech.ca\/fr\/wp-json\/wp\/v2\/pages"}],"about":[{"href":"https:\/\/fsl-fls.halearningtech.ca\/fr\/wp-json\/wp\/v2\/types\/page"}],"author":[{"embeddable":true,"href":"https:\/\/fsl-fls.halearningtech.ca\/fr\/wp-json\/wp\/v2\/users\/1"}],"replies":[{"embeddable":true,"href":"https:\/\/fsl-fls.halearningtech.ca\/fr\/wp-json\/wp\/v2\/comments?post=85"}],"version-history":[{"count":12,"href":"https:\/\/fsl-fls.halearningtech.ca\/fr\/wp-json\/wp\/v2\/pages\/85\/revisions"}],"predecessor-version":[{"id":1902,"href":"https:\/\/fsl-fls.halearningtech.ca\/fr\/wp-json\/wp\/v2\/pages\/85\/revisions\/1902"}],"wp:attachment":[{"href":"https:\/\/fsl-fls.halearningtech.ca\/fr\/wp-json\/wp\/v2\/media?parent=85"}],"curies":[{"name":"wp","href":"https:\/\/api.w.org\/{rel}","templated":true}]}}