{"id":246,"date":"2018-03-26T17:47:10","date_gmt":"2018-03-26T22:47:10","guid":{"rendered":"https:\/\/fsl-fls.halearningtech.ca\/en\/?page_id=246"},"modified":"2026-04-21T07:09:11","modified_gmt":"2026-04-21T12:09:11","slug":"about","status":"publish","type":"page","link":"https:\/\/fsl-fls.halearningtech.ca\/fr\/about\/","title":{"rendered":"\u00c0 propos"},"content":{"rendered":"<p><img loading=\"lazy\" decoding=\"async\" class=\"size-thumbnail wp-image-271 alignright\" src=\"https:\/\/fsl-fls.halearningtech.ca\/wp-content\/uploads\/2018\/03\/ha-150x150.jpg\" alt=\"\" width=\"150\" height=\"150\" srcset=\"https:\/\/fsl-fls.halearningtech.ca\/wp-content\/uploads\/2018\/03\/ha-150x150.jpg 150w, https:\/\/fsl-fls.halearningtech.ca\/wp-content\/uploads\/2018\/03\/ha-300x300.jpg 300w, https:\/\/fsl-fls.halearningtech.ca\/wp-content\/uploads\/2018\/03\/ha-75x75.jpg 75w, https:\/\/fsl-fls.halearningtech.ca\/wp-content\/uploads\/2018\/03\/ha.jpg 320w\" sizes=\"auto, (max-width: 150px) 100vw, 150px\" \/>Ce site appartient \u00e0 <strong>HA Learning Tech<\/strong>. Il est con\u00e7u, d\u00e9velopp\u00e9 et maintenu par <strong>Hassan A. Aden<\/strong>, enseignant chevron\u00e9 de fran\u00e7ais langue seconde \u00e0 Ottawa depuis 2002 et instructeur en litt\u00e9ratie num\u00e9rique. Hassan est \u00e9galement concepteur\/d\u00e9veloppeur de mat\u00e9riel didactique, de contenus et de logiciels d&rsquo;aide \u00e0 l\u2019apprentissage depuis le tout d\u00e9but des ann\u00e9es 90.<br \/>\nDOS, Windows, Linux, IOS, Android, LibreOffice, Office 365, Google Docs, HP5, Canvas, Blackboard, Google Classroom, Meet, Zoom, Webex, Visio, Visual Basic, Flash, HTML5 pour n&rsquo;en citer que quelques-uns\u2026 Il les a tous vus d\u00e9barquer!<br \/>\nEn ces jours de post-pand\u00e9mie, Hassan est tr\u00e8s actif en <strong>t\u00e9l\u00e9-enseignement<\/strong> et en <strong>autoformation<\/strong> \u00e0 distance.<\/p>\n<h4>Pour \u00eatre bien inform\u00e9<br \/>\nau sujet de ce site et de son contenu,<br \/>\npri\u00e8re de prendre note de ce qui suit:<\/h4>\n<p>Le contenu de ce site sera mis \u00e0 jour sur une base r\u00e9guli\u00e8re.<\/p>\n<ul>\n<li style=\"list-style-type: none;\">\n<ul>\n<li>Notre site est prot\u00e9g\u00e9 par un certificat de s\u00e9curit\u00e9 SSL. Toute information que vous voudriez partager avec nous est donc sans risque.<\/li>\n<li>Notre site est \u00e0 affichage dynamique. Son apparence est optimis\u00e9 pour s\u2019adapter automatiquement \u00e0 tous les appareils (TV intelligents, smartphones, tablettes, ordinateurs, etc.) utilisant les principaux navigateurs d\u2019Internet (fureteurs) et les syst\u00e8mes d&rsquo;exploitation du march\u00e9 (Microsoft Windows, Mac OS, Linux, Android).<\/li>\n<li>Certains de nos applications en ligne pourraient n\u00e9cessiter des extensions (plug-ins) comme le lecteur Adobe Flash.<\/li>\n<li>L&rsquo;utilisation de nos applications en ligne est gratuite (sauf indication contraire), mais la conception et le contenu sont prot\u00e9g\u00e9s.<\/li>\n<li>Nos applications ont \u00e9t\u00e9 test\u00e9es soigneusement et nous travaillons sans rel\u00e2che sur d\u2019\u00e9ventuels d\u00e9fectuosit\u00e9s. Nous ne garantissons aucune \u00e9ventuelle perte pouvant \u00eatre associ\u00e9e \u00e0 leur utilisation.<\/li>\n<\/ul>\n<\/li>\n<\/ul>\n<hr>\n","protected":false},"excerpt":{"rendered":"<p>Ce site appartient \u00e0 HA Learning Tech. Il est con\u00e7u, d\u00e9velopp\u00e9 et maintenu par Hassan A. Aden, enseignant chevron\u00e9 de fran\u00e7ais langue seconde \u00e0 Ottawa depuis 2002 et instructeur en litt\u00e9ratie num\u00e9rique. Hassan est \u00e9galement concepteur\/d\u00e9veloppeur de mat\u00e9riel didactique, de contenus et de logiciels d&rsquo;aide \u00e0 l\u2019apprentissage depuis le tout &hellip;<\/p>\n","protected":false},"author":1,"featured_media":0,"parent":0,"menu_order":0,"comment_status":"closed","ping_status":"closed","template":"","meta":{"_uag_custom_page_level_css":"","ngg_post_thumbnail":0,"footnotes":""},"class_list":["post-246","page","type-page","status-publish","hentry"],"uagb_featured_image_src":{"full":false,"thumbnail":false,"medium":false,"medium_large":false,"large":false,"1536x1536":false,"2048x2048":false,"widget-thumbnail":false,"post-thumbnail":false,"kahuna-featured":false,"kahuna-featured-lp":false,"kahuna-featured-half":false,"kahuna-featured-third":false,"kahuna-lpbox-1":false,"kahuna-lpbox-2":false},"uagb_author_info":{"display_name":"ha","author_link":"https:\/\/fsl-fls.halearningtech.ca\/fr\/author\/halearn\/"},"uagb_comment_info":0,"uagb_excerpt":"Ce site appartient \u00e0 HA Learning Tech. Il est con\u00e7u, d\u00e9velopp\u00e9 et maintenu par Hassan A. Aden, enseignant chevron\u00e9 de fran\u00e7ais langue seconde \u00e0 Ottawa depuis 2002 et instructeur en litt\u00e9ratie num\u00e9rique. Hassan est \u00e9galement concepteur\/d\u00e9veloppeur de mat\u00e9riel didactique, de contenus et de logiciels d&rsquo;aide \u00e0 l\u2019apprentissage depuis le tout &hellip;","_links":{"self":[{"href":"https:\/\/fsl-fls.halearningtech.ca\/fr\/wp-json\/wp\/v2\/pages\/246","targetHints":{"allow":["GET"]}}],"collection":[{"href":"https:\/\/fsl-fls.halearningtech.ca\/fr\/wp-json\/wp\/v2\/pages"}],"about":[{"href":"https:\/\/fsl-fls.halearningtech.ca\/fr\/wp-json\/wp\/v2\/types\/page"}],"author":[{"embeddable":true,"href":"https:\/\/fsl-fls.halearningtech.ca\/fr\/wp-json\/wp\/v2\/users\/1"}],"replies":[{"embeddable":true,"href":"https:\/\/fsl-fls.halearningtech.ca\/fr\/wp-json\/wp\/v2\/comments?post=246"}],"version-history":[{"count":5,"href":"https:\/\/fsl-fls.halearningtech.ca\/fr\/wp-json\/wp\/v2\/pages\/246\/revisions"}],"predecessor-version":[{"id":2227,"href":"https:\/\/fsl-fls.halearningtech.ca\/fr\/wp-json\/wp\/v2\/pages\/246\/revisions\/2227"}],"wp:attachment":[{"href":"https:\/\/fsl-fls.halearningtech.ca\/fr\/wp-json\/wp\/v2\/media?parent=246"}],"curies":[{"name":"wp","href":"https:\/\/api.w.org\/{rel}","templated":true}]}}