{"id":2,"date":"2018-03-20T21:14:08","date_gmt":"2018-03-20T21:14:08","guid":{"rendered":"https:\/\/fsl-fls.halearningtech.ca\/?page_id=2"},"modified":"2026-04-15T13:43:11","modified_gmt":"2026-04-15T18:43:11","slug":"contact","status":"publish","type":"page","link":"https:\/\/fsl-fls.halearningtech.ca\/fr\/contact\/","title":{"rendered":"Formulaire de contact"},"content":{"rendered":"<div class=\"forminator-ui forminator-custom-form forminator-custom-form-1727 forminator-design--bold  forminator_ajax\" data-forminator-render=\"0\" data-form=\"forminator-module-1727\" data-uid=\"69ea7672bd6a5\"><br\/><\/div><form\n\t\t\t\tid=\"forminator-module-1727\"\n\t\t\t\tclass=\"forminator-ui forminator-custom-form forminator-custom-form-1727 forminator-design--bold  forminator_ajax\"\n\t\t\t\tmethod=\"post\"\n\t\t\t\tdata-forminator-render=\"0\"\n\t\t\t\tdata-form-id=\"1727\"\n\t\t\t\tenctype=\"multipart\/form-data\" data-color-option=\"default\" data-design=\"bold\" data-grid=\"open\" style=\"display: none;\"\n\t\t\t\tdata-uid=\"69ea7672bd6a5\"\n\t\t\t><div role=\"alert\" aria-live=\"polite\" class=\"forminator-response-message forminator-error\" aria-hidden=\"true\"><\/div><div class=\"forminator-row\"><div id=\"text-1\" class=\"forminator-field-text forminator-col forminator-col-12 \"><div class=\"forminator-field\"><label for=\"forminator-field-text-1_69ea7672bd6a5\" id=\"forminator-field-text-1_69ea7672bd6a5-label\" class=\"forminator-label\">Votre Nom <span class=\"forminator-required\">*<\/span><\/label><input type=\"text\" name=\"text-1\" value=\"\" placeholder=\"Veuillez entrer votre nom ici\" id=\"forminator-field-text-1_69ea7672bd6a5\" class=\"forminator-input forminator-name--field\" data-required=\"1\" \/><\/div><\/div><\/div><div class=\"forminator-row\"><div id=\"email-1\" class=\"forminator-field-email forminator-col forminator-col-12 \"><div class=\"forminator-field\"><label for=\"forminator-field-email-1_69ea7672bd6a5\" id=\"forminator-field-email-1_69ea7672bd6a5-label\" class=\"forminator-label\">Adresse de courriel <span class=\"forminator-required\">*<\/span><\/label><input type=\"email\" name=\"email-1\" value=\"\" placeholder=\"Veuillez entrer votre adresse de courriel (e-mail)\" id=\"forminator-field-email-1_69ea7672bd6a5\" class=\"forminator-input forminator-email--field\" data-required=\"1\" aria-required=\"true\" autocomplete=\"email\" \/><\/div><\/div><\/div><div class=\"forminator-row\"><div id=\"phone-1\" class=\"forminator-field-phone forminator-col forminator-col-12 \"><div class=\"forminator-field\"><label for=\"forminator-field-phone-1_69ea7672bd6a5\" id=\"forminator-field-phone-1_69ea7672bd6a5-label\" class=\"forminator-label\">Votre num\u00e9ro de t\u00e9l\u00e9phone<\/label><input type=\"text\" name=\"phone-1\" value=\"\" placeholder=\"\" id=\"forminator-field-phone-1_69ea7672bd6a5\" class=\"forminator-input forminator-field--phone\" data-required=\"\" aria-required=\"false\" autocomplete=\"off\" data-national_mode=\"enabled\" data-country=\"ca\" data-validation=\"standard\" \/><\/div><\/div><\/div><div class=\"forminator-row\"><div id=\"select-1\" class=\"forminator-field-select forminator-col forminator-col-12 \"><div class=\"forminator-field\"><label for=\"forminator-form-1727__field--select-1_69ea7672bd6a5\" id=\"forminator-form-1727__field--select-1_69ea7672bd6a5-label\" class=\"forminator-label\">Objet du message <span class=\"forminator-required\">*<\/span><\/label><select  id=\"forminator-form-1727__field--select-1_69ea7672bd6a5\" class=\"forminator-select--field forminator-select2 forminator-select2-multiple\" data-required=\"1\" name=\"select-1\" data-default-value=\"\" data-placeholder=\"Choisir une option ici...\" data-search=\"false\" data-search-placeholder=\"Choisir une option ici...\" data-checkbox=\"false\" data-allow-clear=\"false\" aria-labelledby=\"forminator-form-1727__field--select-1_69ea7672bd6a5-label\"><option value=\"\"  >Choisir une option ici...<\/option><option value=\"Je souhaite acheter l&#039;acc\u00e8s \u00e0 du contenu prot\u00e9g\u00e9\"  data-calculation=\"0\">Je souhaite acheter l'acc\u00e8s \u00e0 du contenu prot\u00e9g\u00e9<\/option><option value=\"Je veux signaler des erreurs\"  data-calculation=\"0\">Je veux signaler des erreurs<\/option><option value=\"Je vous contacte pour autre chose\"  data-calculation=\"0\">Je vous contacte pour autre chose<\/option><\/select><\/div><\/div><\/div><div class=\"forminator-row\"><div id=\"textarea-1\" class=\"forminator-field-textarea forminator-col forminator-col-12 \"><div class=\"forminator-field\"><label for=\"forminator-field-textarea-1_69ea7672bd6a5\" id=\"forminator-field-textarea-1_69ea7672bd6a5-label\" class=\"forminator-label\">Votre Message <span class=\"forminator-required\">*<\/span><\/label><textarea name=\"textarea-1\" placeholder=\"Veuillez entrer votre message ici\" id=\"forminator-field-textarea-1_69ea7672bd6a5\" class=\"forminator-textarea\" rows=\"6\" style=\"--forminator-textarea-min-height:240px;\" ><\/textarea><\/div><\/div><\/div><div class=\"forminator-row\"><div id=\"upload-1\" class=\"forminator-field-upload forminator-col forminator-col-12 \"><div class=\"forminator-field\"><label for=\"forminator-field-upload-1_69ea7672bd6a5\" id=\"forminator-field-upload-1_69ea7672bd6a5-label\" class=\"forminator-label\">Joindre un fichier (8 Mo max)<\/label><div class=\"forminator-file-upload \" data-element=\"upload-1_69ea7672bd6a5\"><input type=\"file\" name=\"upload-1\" id=\"forminator-field-upload-1_69ea7672bd6a5\" class=\"forminator-input-file\" accept=\".jpg,.jpeg,.jpe,.png,.doc,.xls,.tar,.zip,.gz,.gzip,.7z,.xla,.xls,.xlt,.xlw,.xlsx,.xlsm,.xlsb,.xltx,.xltm,.xlam,.ods,.numbers,.odt,.mp3,.m4a,.m4b,.ogg,.oga,.mov,.qt,.mp4,.m4v,.webm\" tabindex=\"-1\"><button id=\"forminator-field-upload-1_69ea7672bd6a5_button\" class=\"forminator-button forminator-button-upload\" data-id=\"forminator-field-upload-1_69ea7672bd6a5\">Choose File<\/button><span data-empty-text=\"No file chosen\">No file chosen<\/span><button class=\"forminator-button-delete\" style=\"display: none;\"><i class=\"forminator-icon-close\" aria-hidden=\"true\"><\/i><span class=\"forminator-screen-reader-only\">Delete uploaded file<\/span><\/button><\/div><\/div><\/div><\/div><div class=\"forminator-row\"><div id=\"consent-1\" class=\"forminator-field-consent forminator-col forminator-col-12 \"><div class=\"forminator-field\"><label for=\"forminator-field-consent-1_69ea7672bd6a5\" id=\"forminator-field-consent-1_69ea7672bd6a5-label\" class=\"forminator-label\">Consentement <span class=\"forminator-required\">*<\/span><\/label><div class=\"forminator-checkbox__wrapper\"><label id=\"forminator-field-consent-1_69ea7672bd6a5__label\" class=\"forminator-checkbox forminator-consent\"><input type=\"checkbox\" name=\"consent-1\" id=\"forminator-field-consent-1_69ea7672bd6a5\" value=\"checked\" aria-labelledby=\"forminator-field-consent-1_69ea7672bd6a5-label\" aria-describedby=\"forminator-field-consent-1_69ea7672bd6a5__description\" data-required=\"true\" aria-required=\"true\" \/><span class=\"forminator-checkbox-box\" aria-hidden=\"true\"><\/span><\/label><div id=\"forminator-field-consent-1_69ea7672bd6a5__description\" class=\"forminator-checkbox__label forminator-consent__label\"><p>Oui, j'accepte le <a href=\"https:\/\/fsl-fls.halearningtech.ca\/fr\/2026\/04\/15\/data-collection-consent\/\" target=\"_blank\" rel=\"noopener\">Consentement relatif \u00e0 la collecte de donn\u00e9es<\/a><\/p><\/div><\/div><\/div><\/div><\/div><input type=\"hidden\" name=\"referer_url\" value=\"\" \/><div class=\"forminator-row forminator-row-last\"><div class=\"forminator-col\"><div class=\"forminator-field\"><button class=\"forminator-button forminator-button-submit\">-- Envoyez le message maintenant ---<\/button><\/div><\/div><\/div><input type=\"hidden\" id=\"forminator_nonce\" name=\"forminator_nonce\" value=\"f87af398e1\" \/><input type=\"hidden\" name=\"_wp_http_referer\" value=\"\/fr\/wp-json\/wp\/v2\/pages\/2\" \/><input type=\"hidden\" name=\"form_id\" value=\"1727\"><input type=\"hidden\" name=\"page_id\" value=\"2\"><input type=\"hidden\" name=\"form_type\" value=\"default\"><input type=\"hidden\" name=\"current_url\" value=\"https:\/\/fsl-fls.halearningtech.ca\/fr\/contact\/\"><input type=\"hidden\" name=\"render_id\" value=\"0\"><input type=\"hidden\" name=\"action\" value=\"forminator_submit_form_custom-forms\"><\/form>\n","protected":false},"excerpt":{"rendered":"","protected":false},"author":1,"featured_media":0,"parent":0,"menu_order":0,"comment_status":"closed","ping_status":"open","template":"","meta":{"_uag_custom_page_level_css":"","ngg_post_thumbnail":0,"footnotes":""},"class_list":["post-2","page","type-page","status-publish","hentry"],"uagb_featured_image_src":{"full":false,"thumbnail":false,"medium":false,"medium_large":false,"large":false,"1536x1536":false,"2048x2048":false,"widget-thumbnail":false,"post-thumbnail":false,"kahuna-featured":false,"kahuna-featured-lp":false,"kahuna-featured-half":false,"kahuna-featured-third":false,"kahuna-lpbox-1":false,"kahuna-lpbox-2":false},"uagb_author_info":{"display_name":"ha","author_link":"https:\/\/fsl-fls.halearningtech.ca\/fr\/author\/halearn\/"},"uagb_comment_info":0,"uagb_excerpt":null,"_links":{"self":[{"href":"https:\/\/fsl-fls.halearningtech.ca\/fr\/wp-json\/wp\/v2\/pages\/2","targetHints":{"allow":["GET"]}}],"collection":[{"href":"https:\/\/fsl-fls.halearningtech.ca\/fr\/wp-json\/wp\/v2\/pages"}],"about":[{"href":"https:\/\/fsl-fls.halearningtech.ca\/fr\/wp-json\/wp\/v2\/types\/page"}],"author":[{"embeddable":true,"href":"https:\/\/fsl-fls.halearningtech.ca\/fr\/wp-json\/wp\/v2\/users\/1"}],"replies":[{"embeddable":true,"href":"https:\/\/fsl-fls.halearningtech.ca\/fr\/wp-json\/wp\/v2\/comments?post=2"}],"version-history":[{"count":46,"href":"https:\/\/fsl-fls.halearningtech.ca\/fr\/wp-json\/wp\/v2\/pages\/2\/revisions"}],"predecessor-version":[{"id":1730,"href":"https:\/\/fsl-fls.halearningtech.ca\/fr\/wp-json\/wp\/v2\/pages\/2\/revisions\/1730"}],"wp:attachment":[{"href":"https:\/\/fsl-fls.halearningtech.ca\/fr\/wp-json\/wp\/v2\/media?parent=2"}],"curies":[{"name":"wp","href":"https:\/\/api.w.org\/{rel}","templated":true}]}}