{"id":176,"date":"2018-03-24T17:08:09","date_gmt":"2018-03-24T22:08:09","guid":{"rendered":"https:\/\/fsl-fls.halearningtech.ca\/en\/?page_id=176"},"modified":"2021-11-26T10:48:51","modified_gmt":"2021-11-26T15:48:51","slug":"fsl-teachers-resources","status":"publish","type":"page","link":"https:\/\/fsl-fls.halearningtech.ca\/fr\/fsl-teachers-resources\/","title":{"rendered":"Resources enseignant(e)"},"content":{"rendered":"<hr>\n<p>Cette page de notre site est d\u00e9di\u00e9e \u00e0 notre application en ligne \u00ab\u00a0<strong>Simulation du Test de comp\u00e9tence orale<\/strong>\u00a0\u00bb (TCO) de la Commission de la Fonction publique du Canada. Le contenu est seulement en langue fran\u00e7aise seulement car il s&rsquo;adresse en premier lieu \u00e0 celles et ceux (professeurs, \u00e9coles de langues, autres institutions) qui enseignent cette langue. <\/p>\n<p>Pri\u00e8re de noter que <strong>l&rsquo;acc\u00e8s \u00e0 certaines de nos apps est prot\u00e9g\u00e9 par mot de passe<\/strong>. L&rsquo;achat d&rsquo;un abonnement est requis. Prir\u00e8re de nous contacter en cliquant <a href=\"https:\/\/fsl-fls.halearningtech.ca\/fr\/contact\/\">ici<\/a> .<\/p>\n<hr>\n<div class=\"h5p-iframe-wrapper\"><iframe id=\"h5p-iframe-34\" class=\"h5p-iframe\" data-content-id=\"34\" style=\"height:1px\" src=\"about:blank\" frameBorder=\"0\" scrolling=\"no\" title=\"Applications TCO-OPT\"><\/iframe><\/div>\n<hr>\n<p><span style=\"font-size: 10pt;\"><strong><em>Derni\u00e8re mise \u00e0 jour: <\/em><span style=\"color: #3366ff;\">25 novembre 2021,&nbsp; <\/span><\/strong><\/span><\/p>\n<hr>\n","protected":false},"excerpt":{"rendered":"<p>Cette page de notre site est d\u00e9di\u00e9e \u00e0 notre application en ligne \u00ab\u00a0Simulation du Test de comp\u00e9tence orale\u00a0\u00bb (TCO) de la Commission de la Fonction publique du Canada. Le contenu est seulement en langue fran\u00e7aise seulement car il s&rsquo;adresse en premier lieu \u00e0 celles et ceux (professeurs, \u00e9coles de langues, &hellip;<\/p>\n","protected":false},"author":1,"featured_media":0,"parent":0,"menu_order":0,"comment_status":"closed","ping_status":"closed","template":"","meta":{"_uag_custom_page_level_css":"","ngg_post_thumbnail":0,"footnotes":""},"class_list":["post-176","page","type-page","status-publish","hentry"],"uagb_featured_image_src":{"full":false,"thumbnail":false,"medium":false,"medium_large":false,"large":false,"1536x1536":false,"2048x2048":false,"widget-thumbnail":false,"post-thumbnail":false,"kahuna-featured":false,"kahuna-featured-lp":false,"kahuna-featured-half":false,"kahuna-featured-third":false,"kahuna-lpbox-1":false,"kahuna-lpbox-2":false},"uagb_author_info":{"display_name":"ha","author_link":"https:\/\/fsl-fls.halearningtech.ca\/fr\/author\/halearn\/"},"uagb_comment_info":0,"uagb_excerpt":"Cette page de notre site est d\u00e9di\u00e9e \u00e0 notre application en ligne \u00ab\u00a0Simulation du Test de comp\u00e9tence orale\u00a0\u00bb (TCO) de la Commission de la Fonction publique du Canada. Le contenu est seulement en langue fran\u00e7aise seulement car il s&rsquo;adresse en premier lieu \u00e0 celles et ceux (professeurs, \u00e9coles de langues, &hellip;","_links":{"self":[{"href":"https:\/\/fsl-fls.halearningtech.ca\/fr\/wp-json\/wp\/v2\/pages\/176","targetHints":{"allow":["GET"]}}],"collection":[{"href":"https:\/\/fsl-fls.halearningtech.ca\/fr\/wp-json\/wp\/v2\/pages"}],"about":[{"href":"https:\/\/fsl-fls.halearningtech.ca\/fr\/wp-json\/wp\/v2\/types\/page"}],"author":[{"embeddable":true,"href":"https:\/\/fsl-fls.halearningtech.ca\/fr\/wp-json\/wp\/v2\/users\/1"}],"replies":[{"embeddable":true,"href":"https:\/\/fsl-fls.halearningtech.ca\/fr\/wp-json\/wp\/v2\/comments?post=176"}],"version-history":[{"count":11,"href":"https:\/\/fsl-fls.halearningtech.ca\/fr\/wp-json\/wp\/v2\/pages\/176\/revisions"}],"predecessor-version":[{"id":1384,"href":"https:\/\/fsl-fls.halearningtech.ca\/fr\/wp-json\/wp\/v2\/pages\/176\/revisions\/1384"}],"wp:attachment":[{"href":"https:\/\/fsl-fls.halearningtech.ca\/fr\/wp-json\/wp\/v2\/media?parent=176"}],"curies":[{"name":"wp","href":"https:\/\/api.w.org\/{rel}","templated":true}]}}